{"id":23994,"date":"2025-11-17T09:29:29","date_gmt":"2025-11-17T08:29:29","guid":{"rendered":"https:\/\/lydiaetlevaisseaudestempetes-lefilm.com\/home-2\/"},"modified":"2025-11-17T09:29:29","modified_gmt":"2025-11-17T08:29:29","slug":"home-2","status":"publish","type":"page","link":"https:\/\/lydiaetlevaisseaudestempetes-lefilm.com\/en\/home-2\/","title":{"rendered":"Home"},"content":{"rendered":"\t\t<div data-elementor-type=\"wp-page\" data-elementor-id=\"23994\" class=\"elementor elementor-23994\" data-elementor-post-type=\"page\">\n\t\t\t\t<div data-particle_enable=\"false\" data-particle-mobile-disabled=\"false\" class=\"elementor-element elementor-element-84af930 e-con-full e-flex e-con e-parent\" data-id=\"84af930\" data-element_type=\"container\" data-e-type=\"container\">\n\t\t\t\t<div class=\"elementor-element elementor-element-f94f72b elementor-widget elementor-widget-html\" data-id=\"f94f72b\" data-element_type=\"widget\" data-e-type=\"widget\" data-widget_type=\"html.default\">\n\t\t\t\t<div class=\"elementor-widget-container\">\n\t\t\t\t\t<div style=\"width: 100%; height: 100vh; overflow: hidden;\">\r\n  <iframe \r\n    src=\"https:\/\/lydiaetlevaisseaudestempetes-lefilm.com\/en\" \r\n    style=\"width: calc(100% + 20px); height: 100%; border: none;\"\r\n    title=\"Lydia et le Vaisseau des Temp\u00eates\"\r\n    allowfullscreen>\r\n  <\/iframe>\r\n<\/div>\t\t\t\t<\/div>\n\t\t\t\t<\/div>\n\t\t\t\t<\/div>\n\t\t\t\t<\/div>\n\t\t<!-- Global Core active -->","protected":false},"excerpt":{"rendered":"","protected":false},"author":15,"featured_media":23255,"parent":0,"menu_order":0,"comment_status":"closed","ping_status":"closed","template":"elementor_canvas","meta":{"_eb_attr":"","site-sidebar-layout":"no-sidebar","site-content-layout":"","ast-site-content-layout":"full-width-container","site-content-style":"default","site-sidebar-style":"default","ast-global-header-display":"","ast-banner-title-visibility":"","ast-main-header-display":"","ast-hfb-above-header-display":"","ast-hfb-below-header-display":"","ast-hfb-mobile-header-display":"","site-post-title":"disabled","ast-breadcrumbs-content":"","ast-featured-img":"disabled","footer-sml-layout":"","ast-disable-related-posts":"","theme-transparent-header-meta":"","adv-header-id-meta":"","stick-header-meta":"","header-above-stick-meta":"","header-main-stick-meta":"","header-below-stick-meta":"","astra-migrate-meta-layouts":"default","ast-page-background-enabled":"default","ast-page-background-meta":{"desktop":{"background-color":"var(--ast-global-color-4)","background-image":"","background-repeat":"repeat","background-position":"center center","background-size":"auto","background-attachment":"scroll","background-type":"","background-media":"","overlay-type":"","overlay-color":"","overlay-opacity":"","overlay-gradient":""},"tablet":{"background-color":"","background-image":"","background-repeat":"repeat","background-position":"center center","background-size":"auto","background-attachment":"scroll","background-type":"","background-media":"","overlay-type":"","overlay-color":"","overlay-opacity":"","overlay-gradient":""},"mobile":{"background-color":"","background-image":"","background-repeat":"repeat","background-position":"center center","background-size":"auto","background-attachment":"scroll","background-type":"","background-media":"","overlay-type":"","overlay-color":"","overlay-opacity":"","overlay-gradient":""}},"ast-content-background-meta":{"desktop":{"background-color":"var(--ast-global-color-5)","background-image":"","background-repeat":"repeat","background-position":"center center","background-size":"auto","background-attachment":"scroll","background-type":"","background-media":"","overlay-type":"","overlay-color":"","overlay-opacity":"","overlay-gradient":""},"tablet":{"background-color":"var(--ast-global-color-5)","background-image":"","background-repeat":"repeat","background-position":"center center","background-size":"auto","background-attachment":"scroll","background-type":"","background-media":"","overlay-type":"","overlay-color":"","overlay-opacity":"","overlay-gradient":""},"mobile":{"background-color":"var(--ast-global-color-5)","background-image":"","background-repeat":"repeat","background-position":"center center","background-size":"auto","background-attachment":"scroll","background-type":"","background-media":"","overlay-type":"","overlay-color":"","overlay-opacity":"","overlay-gradient":""}},"footnotes":""},"class_list":["post-23994","page","type-page","status-publish","has-post-thumbnail","hentry"],"yoast_head":"<!-- This site is optimized with the Yoast SEO plugin v27.0 - https:\/\/yoast.com\/product\/yoast-seo-wordpress\/ -->\n<title>Home - Sophie Deraspe<\/title>\n<meta name=\"description\" content=\"Aspirant \u00e9crivain, Mathyas troque sa vie montr\u00e9alaise de jeune publicitaire pour celle de berger en Provence. Le chemin vers la qui\u00e9tude pastorale tant d\u00e9sir\u00e9e est toutefois jonch\u00e9 de durs labeurs. La visite d&#039;\u00c9lise, une fonctionnaire ayant cavali\u00e8rement quitt\u00e9 son boulot, donne une nouvelle direction \u00e0 la qu\u00eate de Mathyas. Ensemble, ils s&#039;engagent dans une transhumance. Travers\u00e9s par les \u00e9preuves de la montagne, avec un troupeau \u00e0 leur charge, ils vont se fa\u00e7onner une vie nouvelle.\" \/>\n<meta name=\"robots\" content=\"index, follow, max-snippet:-1, max-image-preview:large, max-video-preview:-1\" \/>\n<link rel=\"canonical\" href=\"https:\/\/lydiaetlevaisseaudestempetes-lefilm.com\/en\/home-2\/\" \/>\n<meta property=\"og:locale\" content=\"en_US\" \/>\n<meta property=\"og:type\" content=\"article\" \/>\n<meta property=\"og:title\" content=\"Home - Sophie Deraspe\" \/>\n<meta property=\"og:description\" content=\"Aspirant \u00e9crivain, Mathyas troque sa vie montr\u00e9alaise de jeune publicitaire pour celle de berger en Provence. Le chemin vers la qui\u00e9tude pastorale tant d\u00e9sir\u00e9e est toutefois jonch\u00e9 de durs labeurs. La visite d&#039;\u00c9lise, une fonctionnaire ayant cavali\u00e8rement quitt\u00e9 son boulot, donne une nouvelle direction \u00e0 la qu\u00eate de Mathyas. Ensemble, ils s&#039;engagent dans une transhumance. Travers\u00e9s par les \u00e9preuves de la montagne, avec un troupeau \u00e0 leur charge, ils vont se fa\u00e7onner une vie nouvelle.\" \/>\n<meta property=\"og:url\" content=\"https:\/\/lydiaetlevaisseaudestempetes-lefilm.com\/en\/home-2\/\" \/>\n<meta property=\"og:site_name\" content=\"Lydia et le vaisseau des temp\u00eates - Le film\" \/>\n<meta property=\"og:image\" content=\"https:\/\/lydiaetlevaisseaudestempetes-lefilm.com\/wp-content\/uploads\/sites\/90\/2025\/11\/Untitled-design-e1763044514127.jpg\" \/>\n\t<meta property=\"og:image:width\" content=\"2400\" \/>\n\t<meta property=\"og:image:height\" content=\"1350\" \/>\n\t<meta property=\"og:image:type\" content=\"image\/jpeg\" \/>\n<meta name=\"twitter:card\" content=\"summary_large_image\" \/>\n<script type=\"application\/ld+json\" class=\"yoast-schema-graph\">{\"@context\":\"https:\/\/schema.org\",\"@graph\":[{\"@type\":\"WebPage\",\"@id\":\"https:\/\/lydiaetlevaisseaudestempetes-lefilm.com\/en\/home-2\/\",\"url\":\"https:\/\/lydiaetlevaisseaudestempetes-lefilm.com\/en\/home-2\/\",\"name\":\"Home - Sophie Deraspe\",\"isPartOf\":{\"@id\":\"https:\/\/lydiaetlevaisseaudestempetes-lefilm.com\/en\/#website\"},\"primaryImageOfPage\":{\"@id\":\"https:\/\/lydiaetlevaisseaudestempetes-lefilm.com\/en\/home-2\/#primaryimage\"},\"image\":{\"@id\":\"https:\/\/lydiaetlevaisseaudestempetes-lefilm.com\/en\/home-2\/#primaryimage\"},\"thumbnailUrl\":\"https:\/\/lydiaetlevaisseaudestempetes-lefilm.com\/wp-content\/uploads\/sites\/90\/2025\/11\/Untitled-design-e1763044514127.jpg\",\"datePublished\":\"2025-11-17T08:29:29+00:00\",\"description\":\"Aspirant \u00e9crivain, Mathyas troque sa vie montr\u00e9alaise de jeune publicitaire pour celle de berger en Provence. Le chemin vers la qui\u00e9tude pastorale tant d\u00e9sir\u00e9e est toutefois jonch\u00e9 de durs labeurs. La visite d'\u00c9lise, une fonctionnaire ayant cavali\u00e8rement quitt\u00e9 son boulot, donne une nouvelle direction \u00e0 la qu\u00eate de Mathyas. Ensemble, ils s'engagent dans une transhumance. Travers\u00e9s par les \u00e9preuves de la montagne, avec un troupeau \u00e0 leur charge, ils vont se fa\u00e7onner une vie nouvelle.\",\"breadcrumb\":{\"@id\":\"https:\/\/lydiaetlevaisseaudestempetes-lefilm.com\/en\/home-2\/#breadcrumb\"},\"inLanguage\":\"en-US\",\"potentialAction\":[{\"@type\":\"ReadAction\",\"target\":[\"https:\/\/lydiaetlevaisseaudestempetes-lefilm.com\/en\/home-2\/\"]}]},{\"@type\":\"ImageObject\",\"inLanguage\":\"en-US\",\"@id\":\"https:\/\/lydiaetlevaisseaudestempetes-lefilm.com\/en\/home-2\/#primaryimage\",\"url\":\"https:\/\/lydiaetlevaisseaudestempetes-lefilm.com\/wp-content\/uploads\/sites\/90\/2025\/11\/Untitled-design-e1763044514127.jpg\",\"contentUrl\":\"https:\/\/lydiaetlevaisseaudestempetes-lefilm.com\/wp-content\/uploads\/sites\/90\/2025\/11\/Untitled-design-e1763044514127.jpg\",\"width\":2400,\"height\":1350},{\"@type\":\"BreadcrumbList\",\"@id\":\"https:\/\/lydiaetlevaisseaudestempetes-lefilm.com\/en\/home-2\/#breadcrumb\",\"itemListElement\":[{\"@type\":\"ListItem\",\"position\":1,\"name\":\"Accueil\",\"item\":\"https:\/\/lydiaetlevaisseaudestempetes-lefilm.com\/en\/\"},{\"@type\":\"ListItem\",\"position\":2,\"name\":\"Home\"}]},{\"@type\":\"WebSite\",\"@id\":\"https:\/\/lydiaetlevaisseaudestempetes-lefilm.com\/en\/#website\",\"url\":\"https:\/\/lydiaetlevaisseaudestempetes-lefilm.com\/en\/\",\"name\":\"Lydia et le vaisseau des temp\u00eates - Le film\",\"description\":\"\",\"potentialAction\":[{\"@type\":\"SearchAction\",\"target\":{\"@type\":\"EntryPoint\",\"urlTemplate\":\"https:\/\/lydiaetlevaisseaudestempetes-lefilm.com\/en\/?s={search_term_string}\"},\"query-input\":{\"@type\":\"PropertyValueSpecification\",\"valueRequired\":true,\"valueName\":\"search_term_string\"}}],\"inLanguage\":\"en-US\"}]}<\/script>\n<!-- \/ Yoast SEO plugin. -->","yoast_head_json":{"title":"Home - Sophie Deraspe","description":"Aspirant \u00e9crivain, Mathyas troque sa vie montr\u00e9alaise de jeune publicitaire pour celle de berger en Provence. Le chemin vers la qui\u00e9tude pastorale tant d\u00e9sir\u00e9e est toutefois jonch\u00e9 de durs labeurs. La visite d'\u00c9lise, une fonctionnaire ayant cavali\u00e8rement quitt\u00e9 son boulot, donne une nouvelle direction \u00e0 la qu\u00eate de Mathyas. Ensemble, ils s'engagent dans une transhumance. Travers\u00e9s par les \u00e9preuves de la montagne, avec un troupeau \u00e0 leur charge, ils vont se fa\u00e7onner une vie nouvelle.","robots":{"index":"index","follow":"follow","max-snippet":"max-snippet:-1","max-image-preview":"max-image-preview:large","max-video-preview":"max-video-preview:-1"},"canonical":"https:\/\/lydiaetlevaisseaudestempetes-lefilm.com\/en\/home-2\/","og_locale":"en_US","og_type":"article","og_title":"Home - Sophie Deraspe","og_description":"Aspirant \u00e9crivain, Mathyas troque sa vie montr\u00e9alaise de jeune publicitaire pour celle de berger en Provence. Le chemin vers la qui\u00e9tude pastorale tant d\u00e9sir\u00e9e est toutefois jonch\u00e9 de durs labeurs. La visite d'\u00c9lise, une fonctionnaire ayant cavali\u00e8rement quitt\u00e9 son boulot, donne une nouvelle direction \u00e0 la qu\u00eate de Mathyas. Ensemble, ils s'engagent dans une transhumance. Travers\u00e9s par les \u00e9preuves de la montagne, avec un troupeau \u00e0 leur charge, ils vont se fa\u00e7onner une vie nouvelle.","og_url":"https:\/\/lydiaetlevaisseaudestempetes-lefilm.com\/en\/home-2\/","og_site_name":"Lydia et le vaisseau des temp\u00eates - Le film","og_image":[{"width":2400,"height":1350,"url":"https:\/\/lydiaetlevaisseaudestempetes-lefilm.com\/wp-content\/uploads\/sites\/90\/2025\/11\/Untitled-design-e1763044514127.jpg","type":"image\/jpeg"}],"twitter_card":"summary_large_image","schema":{"@context":"https:\/\/schema.org","@graph":[{"@type":"WebPage","@id":"https:\/\/lydiaetlevaisseaudestempetes-lefilm.com\/en\/home-2\/","url":"https:\/\/lydiaetlevaisseaudestempetes-lefilm.com\/en\/home-2\/","name":"Home - Sophie Deraspe","isPartOf":{"@id":"https:\/\/lydiaetlevaisseaudestempetes-lefilm.com\/en\/#website"},"primaryImageOfPage":{"@id":"https:\/\/lydiaetlevaisseaudestempetes-lefilm.com\/en\/home-2\/#primaryimage"},"image":{"@id":"https:\/\/lydiaetlevaisseaudestempetes-lefilm.com\/en\/home-2\/#primaryimage"},"thumbnailUrl":"https:\/\/lydiaetlevaisseaudestempetes-lefilm.com\/wp-content\/uploads\/sites\/90\/2025\/11\/Untitled-design-e1763044514127.jpg","datePublished":"2025-11-17T08:29:29+00:00","description":"Aspirant \u00e9crivain, Mathyas troque sa vie montr\u00e9alaise de jeune publicitaire pour celle de berger en Provence. Le chemin vers la qui\u00e9tude pastorale tant d\u00e9sir\u00e9e est toutefois jonch\u00e9 de durs labeurs. La visite d'\u00c9lise, une fonctionnaire ayant cavali\u00e8rement quitt\u00e9 son boulot, donne une nouvelle direction \u00e0 la qu\u00eate de Mathyas. Ensemble, ils s'engagent dans une transhumance. Travers\u00e9s par les \u00e9preuves de la montagne, avec un troupeau \u00e0 leur charge, ils vont se fa\u00e7onner une vie nouvelle.","breadcrumb":{"@id":"https:\/\/lydiaetlevaisseaudestempetes-lefilm.com\/en\/home-2\/#breadcrumb"},"inLanguage":"en-US","potentialAction":[{"@type":"ReadAction","target":["https:\/\/lydiaetlevaisseaudestempetes-lefilm.com\/en\/home-2\/"]}]},{"@type":"ImageObject","inLanguage":"en-US","@id":"https:\/\/lydiaetlevaisseaudestempetes-lefilm.com\/en\/home-2\/#primaryimage","url":"https:\/\/lydiaetlevaisseaudestempetes-lefilm.com\/wp-content\/uploads\/sites\/90\/2025\/11\/Untitled-design-e1763044514127.jpg","contentUrl":"https:\/\/lydiaetlevaisseaudestempetes-lefilm.com\/wp-content\/uploads\/sites\/90\/2025\/11\/Untitled-design-e1763044514127.jpg","width":2400,"height":1350},{"@type":"BreadcrumbList","@id":"https:\/\/lydiaetlevaisseaudestempetes-lefilm.com\/en\/home-2\/#breadcrumb","itemListElement":[{"@type":"ListItem","position":1,"name":"Accueil","item":"https:\/\/lydiaetlevaisseaudestempetes-lefilm.com\/en\/"},{"@type":"ListItem","position":2,"name":"Home"}]},{"@type":"WebSite","@id":"https:\/\/lydiaetlevaisseaudestempetes-lefilm.com\/en\/#website","url":"https:\/\/lydiaetlevaisseaudestempetes-lefilm.com\/en\/","name":"Lydia et le vaisseau des temp\u00eates - Le film","description":"","potentialAction":[{"@type":"SearchAction","target":{"@type":"EntryPoint","urlTemplate":"https:\/\/lydiaetlevaisseaudestempetes-lefilm.com\/en\/?s={search_term_string}"},"query-input":{"@type":"PropertyValueSpecification","valueRequired":true,"valueName":"search_term_string"}}],"inLanguage":"en-US"}]}},"_links":{"self":[{"href":"https:\/\/lydiaetlevaisseaudestempetes-lefilm.com\/en\/wp-json\/wp\/v2\/pages\/23994","targetHints":{"allow":["GET"]}}],"collection":[{"href":"https:\/\/lydiaetlevaisseaudestempetes-lefilm.com\/en\/wp-json\/wp\/v2\/pages"}],"about":[{"href":"https:\/\/lydiaetlevaisseaudestempetes-lefilm.com\/en\/wp-json\/wp\/v2\/types\/page"}],"author":[{"embeddable":true,"href":"https:\/\/lydiaetlevaisseaudestempetes-lefilm.com\/en\/wp-json\/wp\/v2\/users\/15"}],"replies":[{"embeddable":true,"href":"https:\/\/lydiaetlevaisseaudestempetes-lefilm.com\/en\/wp-json\/wp\/v2\/comments?post=23994"}],"version-history":[{"count":0,"href":"https:\/\/lydiaetlevaisseaudestempetes-lefilm.com\/en\/wp-json\/wp\/v2\/pages\/23994\/revisions"}],"wp:featuredmedia":[{"embeddable":true,"href":"https:\/\/lydiaetlevaisseaudestempetes-lefilm.com\/en\/wp-json\/wp\/v2\/media\/23255"}],"wp:attachment":[{"href":"https:\/\/lydiaetlevaisseaudestempetes-lefilm.com\/en\/wp-json\/wp\/v2\/media?parent=23994"}],"curies":[{"name":"wp","href":"https:\/\/api.w.org\/{rel}","templated":true}]}}